{"id":252,"date":"2024-07-30T20:04:11","date_gmt":"2024-07-30T20:04:11","guid":{"rendered":"https:\/\/diogoreeds.com\/about\/"},"modified":"2024-09-16T14:36:03","modified_gmt":"2024-09-16T14:36:03","slug":"about","status":"publish","type":"page","link":"https:\/\/diogoreeds.com\/pt\/about\/","title":{"rendered":"Sobre"},"content":{"rendered":"<div data-elementor-type=\"wp-page\" data-elementor-id=\"252\" class=\"elementor elementor-252\">\n\t\t\t\t\t\t<section class=\"elementor-section elementor-top-section elementor-element elementor-element-1336c617 elementor-section-height-min-height elementor-section-boxed elementor-section-height-default elementor-section-items-middle\" data-id=\"1336c617\" data-element_type=\"section\" data-e-type=\"section\" data-settings=\"{&quot;background_background&quot;:&quot;classic&quot;}\">\n\t\t\t\t\t\t<div class=\"elementor-container elementor-column-gap-default\">\n\t\t\t\t\t<div class=\"elementor-column elementor-col-100 elementor-top-column elementor-element elementor-element-7f957220\" data-id=\"7f957220\" data-element_type=\"column\" data-e-type=\"column\">\n\t\t\t<div class=\"elementor-widget-wrap elementor-element-populated\">\n\t\t\t\t\t\t<div class=\"elementor-element elementor-element-617f05d8 elementor-widget elementor-widget-heading\" data-id=\"617f05d8\" data-element_type=\"widget\" data-e-type=\"widget\" data-widget_type=\"heading.default\">\n\t\t\t\t<div class=\"elementor-widget-container\">\n\t\t\t\t\t<h1 class=\"elementor-heading-title elementor-size-default\">Sobre N\u00f3s<\/h1>\t\t\t\t<\/div>\n\t\t\t\t<\/div>\n\t\t\t\t\t<\/div>\n\t\t<\/div>\n\t\t\t\t\t<\/div>\n\t\t<\/section>\n\t\t<div class=\"elementor-element elementor-element-wq7wm51 e-flex e-con-boxed e-con e-parent\" data-id=\"wq7wm51\" data-element_type=\"container\" data-e-type=\"container\">\n\t\t\t\t\t<div class=\"e-con-inner\">\n\t\t<div class=\"elementor-element elementor-element-56a4564 e-con-full e-flex e-con e-child\" data-id=\"56a4564\" data-element_type=\"container\" data-e-type=\"container\">\n\t\t\t\t<div class=\"elementor-element elementor-element-50d6336 elementor-widget elementor-widget-heading\" data-id=\"50d6336\" data-element_type=\"widget\" data-e-type=\"widget\" data-widget_type=\"heading.default\">\n\t\t\t\t<div class=\"elementor-widget-container\">\n\t\t\t\t\t<h3 class=\"elementor-heading-title elementor-size-default\">O Fundador<\/h3>\t\t\t\t<\/div>\n\t\t\t\t<\/div>\n\t\t\t\t<div class=\"elementor-element elementor-element-9308ff2 elementor-widget elementor-widget-text-editor\" data-id=\"9308ff2\" data-element_type=\"widget\" data-e-type=\"widget\" data-widget_type=\"text-editor.default\">\n\t\t\t\t<div class=\"elementor-widget-container\">\n\t\t\t\t\t\t\t\t\t<p>O meu nome \u00e9 Diogo Barros Silva<\/p><p>Um Fagotista Portugu\u00eas. \ud83c\uddf5\ud83c\uddf9<\/p><p>\u00a0<\/p><p>Sou profundamente apaixonado pela qualidade da m\u00e3o de obra, esta dedica\u00e7\u00e3o est\u00e1 na ess\u00eancia de tudo o que fa\u00e7o.<\/p><p>\u00a0<\/p><p>Eu garanto que cada produto \u00e9 elaborado com precis\u00e3o e cuidado.<\/p>\t\t\t\t\t\t\t\t<\/div>\n\t\t\t\t<\/div>\n\t\t\t\t<div class=\"elementor-element elementor-element-f38dcc6 elementor-widget elementor-widget-button\" data-id=\"f38dcc6\" data-element_type=\"widget\" data-e-type=\"widget\" data-widget_type=\"button.default\">\n\t\t\t\t<div class=\"elementor-widget-container\">\n\t\t\t\t\t\t\t\t\t<div class=\"elementor-button-wrapper\">\n\t\t\t\t\t<a class=\"elementor-button elementor-button-link elementor-size-sm\" href=\"https:\/\/diogoreeds.com\/pt\/contact\/\">\n\t\t\t\t\t\t<span class=\"elementor-button-content-wrapper\">\n\t\t\t\t\t\t\t\t\t<span class=\"elementor-button-text\">Contato<\/span>\n\t\t\t\t\t<\/span>\n\t\t\t\t\t<\/a>\n\t\t\t\t<\/div>\n\t\t\t\t\t\t\t\t<\/div>\n\t\t\t\t<\/div>\n\t\t\t\t<\/div>\n\t\t<div class=\"elementor-element elementor-element-dffccf7 e-con-full e-flex e-con e-child\" data-id=\"dffccf7\" data-element_type=\"container\" data-e-type=\"container\">\n\t\t\t\t<div class=\"elementor-element elementor-element-a48b651 elementor-widget elementor-widget-image\" data-id=\"a48b651\" data-element_type=\"widget\" data-e-type=\"widget\" data-widget_type=\"image.default\">\n\t\t\t\t<div class=\"elementor-widget-container\">\n\t\t\t\t\t\t\t\t\t\t\t\t\t\t\t<img fetchpriority=\"high\" decoding=\"async\" width=\"1024\" height=\"681\" src=\"https:\/\/diogoreeds.com\/wp-content\/uploads\/2024\/09\/IMG_1506-1024x681.jpeg\" class=\"attachment-large size-large wp-image-2243\" alt=\"\" srcset=\"https:\/\/diogoreeds.com\/wp-content\/uploads\/2024\/09\/IMG_1506-1024x681.jpeg 1024w, https:\/\/diogoreeds.com\/wp-content\/uploads\/2024\/09\/IMG_1506-300x200.jpeg 300w, https:\/\/diogoreeds.com\/wp-content\/uploads\/2024\/09\/IMG_1506-768x511.jpeg 768w, https:\/\/diogoreeds.com\/wp-content\/uploads\/2024\/09\/IMG_1506-1536x1022.jpeg 1536w\" sizes=\"(max-width: 1024px) 100vw, 1024px\" \/>\t\t\t\t\t\t\t\t\t\t\t\t\t\t\t<\/div>\n\t\t\t\t<\/div>\n\t\t\t\t<\/div>\n\t\t\t\t\t<\/div>\n\t\t\t\t<\/div>\n\t\t<div class=\"elementor-element elementor-element-a1bd09h e-flex e-con-boxed e-con e-parent\" data-id=\"a1bd09h\" data-element_type=\"container\" data-e-type=\"container\">\n\t\t\t\t\t<div class=\"e-con-inner\">\n\t\t<div class=\"elementor-element elementor-element-6880e43 e-con-full e-flex e-con e-child\" data-id=\"6880e43\" data-element_type=\"container\" data-e-type=\"container\">\n\t\t\t\t<div class=\"elementor-element elementor-element-f51149a elementor-widget elementor-widget-image\" data-id=\"f51149a\" data-element_type=\"widget\" data-e-type=\"widget\" data-widget_type=\"image.default\">\n\t\t\t\t<div class=\"elementor-widget-container\">\n\t\t\t\t\t\t\t\t\t\t\t\t\t\t\t<img decoding=\"async\" width=\"591\" height=\"591\" src=\"https:\/\/diogoreeds.com\/wp-content\/uploads\/2024\/07\/cropped-Logo-impressao-2-200x200.png\" class=\"attachment-large size-large wp-image-1585\" alt=\"\" srcset=\"https:\/\/diogoreeds.com\/wp-content\/uploads\/2024\/07\/cropped-Logo-impressao-2.png 591w, https:\/\/diogoreeds.com\/wp-content\/uploads\/2024\/07\/cropped-Logo-impressao-2-300x300.png 300w, https:\/\/diogoreeds.com\/wp-content\/uploads\/2024\/07\/cropped-Logo-impressao-2-150x150.png 150w, https:\/\/diogoreeds.com\/wp-content\/uploads\/2024\/07\/cropped-Logo-impressao-2-100x100.png 100w, https:\/\/diogoreeds.com\/wp-content\/uploads\/2024\/07\/cropped-Logo-impressao-2-200x200.png 200w\" sizes=\"(max-width: 591px) 100vw, 591px\" \/>\t\t\t\t\t\t\t\t\t\t\t\t\t\t\t<\/div>\n\t\t\t\t<\/div>\n\t\t\t\t<\/div>\n\t\t<div class=\"elementor-element elementor-element-1d599f0 e-con-full e-flex e-con e-child\" data-id=\"1d599f0\" data-element_type=\"container\" data-e-type=\"container\">\n\t\t\t\t<div class=\"elementor-element elementor-element-8f2af4c elementor-widget elementor-widget-heading\" data-id=\"8f2af4c\" data-element_type=\"widget\" data-e-type=\"widget\" data-widget_type=\"heading.default\">\n\t\t\t\t<div class=\"elementor-widget-container\">\n\t\t\t\t\t<h3 class=\"elementor-heading-title elementor-size-default\">A Nossa Empresa<\/h3>\t\t\t\t<\/div>\n\t\t\t\t<\/div>\n\t\t\t\t<div class=\"elementor-element elementor-element-0701632 elementor-widget elementor-widget-text-editor\" data-id=\"0701632\" data-element_type=\"widget\" data-e-type=\"widget\" data-widget_type=\"text-editor.default\">\n\t\t\t\t<div class=\"elementor-widget-container\">\n\t\t\t\t\t\t\t\t\t<p>Na Diogo Reeds produzimos cuidadosamente, canas e palhetas de qualidade.<\/p><p>\u00a0<\/p><p>Al\u00e9m de vender as melhores ferramentas, m\u00e1quinas e acess\u00f3rios do mercado. \ud83e\udd29<\/p>\t\t\t\t\t\t\t\t<\/div>\n\t\t\t\t<\/div>\n\t\t\t\t<div class=\"elementor-element elementor-element-995bd42 elementor-widget elementor-widget-button\" data-id=\"995bd42\" data-element_type=\"widget\" data-e-type=\"widget\" data-widget_type=\"button.default\">\n\t\t\t\t<div class=\"elementor-widget-container\">\n\t\t\t\t\t\t\t\t\t<div class=\"elementor-button-wrapper\">\n\t\t\t\t\t<a class=\"elementor-button elementor-button-link elementor-size-sm\" href=\"https:\/\/diogoreeds.com\/pt\/contact\/\">\n\t\t\t\t\t\t<span class=\"elementor-button-content-wrapper\">\n\t\t\t\t\t\t\t\t\t<span class=\"elementor-button-text\">Contato<\/span>\n\t\t\t\t\t<\/span>\n\t\t\t\t\t<\/a>\n\t\t\t\t<\/div>\n\t\t\t\t\t\t\t\t<\/div>\n\t\t\t\t<\/div>\n\t\t\t\t<\/div>\n\t\t\t\t\t<\/div>\n\t\t\t\t<\/div>\n\t\t\t\t<\/div>","protected":false},"excerpt":{"rendered":"<p>About Us The Founder My name is Diogo Barros Silva. A Portuguese bassoonist. \ud83c\uddf5\ud83c\uddf9 \u00a0 I am deeply passionate about quality craftsmanship, and this dedication is at the core of everything I do. \u00a0 I ensure that each product is crafted with precision and care. Contact Our Company At Diogo Reeds we carefully produce quality [&hellip;]<\/p>\n","protected":false},"author":4,"featured_media":0,"parent":0,"menu_order":0,"comment_status":"closed","ping_status":"closed","template":"elementor_header_footer","meta":{"site-sidebar-layout":"no-sidebar","site-content-layout":"page-builder","ast-site-content-layout":"default","site-content-style":"default","site-sidebar-style":"default","ast-global-header-display":"","ast-banner-title-visibility":"","ast-main-header-display":"","ast-hfb-above-header-display":"","ast-hfb-below-header-display":"","ast-hfb-mobile-header-display":"","site-post-title":"disabled","ast-breadcrumbs-content":"disabled","ast-featured-img":"disabled","footer-sml-layout":"","ast-disable-related-posts":"","theme-transparent-header-meta":"enabled","adv-header-id-meta":"","stick-header-meta":"","header-above-stick-meta":"","header-main-stick-meta":"","header-below-stick-meta":"","astra-migrate-meta-layouts":"default","ast-page-background-enabled":"default","ast-page-background-meta":{"desktop":{"background-color":"var(--ast-global-color-4)","background-image":"","background-repeat":"repeat","background-position":"center center","background-size":"auto","background-attachment":"scroll","background-type":"","background-media":"","overlay-type":"","overlay-color":"","overlay-opacity":"","overlay-gradient":""},"tablet":{"background-color":"","background-image":"","background-repeat":"repeat","background-position":"center center","background-size":"auto","background-attachment":"scroll","background-type":"","background-media":"","overlay-type":"","overlay-color":"","overlay-opacity":"","overlay-gradient":""},"mobile":{"background-color":"","background-image":"","background-repeat":"repeat","background-position":"center center","background-size":"auto","background-attachment":"scroll","background-type":"","background-media":"","overlay-type":"","overlay-color":"","overlay-opacity":"","overlay-gradient":""}},"ast-content-background-meta":{"desktop":{"background-color":"var(--ast-global-color-5)","background-image":"","background-repeat":"repeat","background-position":"center center","background-size":"auto","background-attachment":"scroll","background-type":"","background-media":"","overlay-type":"","overlay-color":"","overlay-opacity":"","overlay-gradient":""},"tablet":{"background-color":"var(--ast-global-color-5)","background-image":"","background-repeat":"repeat","background-position":"center center","background-size":"auto","background-attachment":"scroll","background-type":"","background-media":"","overlay-type":"","overlay-color":"","overlay-opacity":"","overlay-gradient":""},"mobile":{"background-color":"var(--ast-global-color-5)","background-image":"","background-repeat":"repeat","background-position":"center center","background-size":"auto","background-attachment":"scroll","background-type":"","background-media":"","overlay-type":"","overlay-color":"","overlay-opacity":"","overlay-gradient":""}},"footnotes":""},"class_list":["post-252","page","type-page","status-publish","hentry"],"_links":{"self":[{"href":"https:\/\/diogoreeds.com\/pt\/wp-json\/wp\/v2\/pages\/252","targetHints":{"allow":["GET"]}}],"collection":[{"href":"https:\/\/diogoreeds.com\/pt\/wp-json\/wp\/v2\/pages"}],"about":[{"href":"https:\/\/diogoreeds.com\/pt\/wp-json\/wp\/v2\/types\/page"}],"author":[{"embeddable":true,"href":"https:\/\/diogoreeds.com\/pt\/wp-json\/wp\/v2\/users\/4"}],"replies":[{"embeddable":true,"href":"https:\/\/diogoreeds.com\/pt\/wp-json\/wp\/v2\/comments?post=252"}],"version-history":[{"count":20,"href":"https:\/\/diogoreeds.com\/pt\/wp-json\/wp\/v2\/pages\/252\/revisions"}],"predecessor-version":[{"id":2336,"href":"https:\/\/diogoreeds.com\/pt\/wp-json\/wp\/v2\/pages\/252\/revisions\/2336"}],"wp:attachment":[{"href":"https:\/\/diogoreeds.com\/pt\/wp-json\/wp\/v2\/media?parent=252"}],"curies":[{"name":"wp","href":"https:\/\/api.w.org\/{rel}","templated":true}]}}